{"id":93,"date":"2020-05-04T13:24:43","date_gmt":"2020-05-04T11:24:43","guid":{"rendered":"http:\/\/tfmconseil.com\/?page_id=93"},"modified":"2020-05-04T14:36:46","modified_gmt":"2020-05-04T12:36:46","slug":"a-propos","status":"publish","type":"page","link":"https:\/\/tfmconseil.com\/index.php\/a-propos\/","title":{"rendered":"\u00c0 propos"},"content":{"rendered":"\n<p><strong>22 ans d\u2019existence,<br>8000 personnes form\u00e9es ou accompagn\u00e9es,<br>dans plus de 110 entreprises en France et \u00e0 l\u2019\u00e9tranger<\/strong><\/p>\n\n\n\n<p><\/p>\n\n\n\n<p>Depuis 1997, TFM Conseil exerce une activit\u00e9 de formation et de conseil dans les domaines du&nbsp;:<\/p>\n\n\n\n<ul><li>Management<br>Management par projet<br>Gestion d\u2019\u00e9quipe<br>Communication interpersonnelle<\/li><li>Sociologie des organisations<\/li><li>Psychologie du travail<\/li><li>N\u00e9gociation<\/li><\/ul>\n\n\n\n<p>L\u2019organisme est volontairement une petite structure afin de faire preuve de la plus grande r\u00e9activit\u00e9 aupr\u00e8s de ses clients, mais aussi de travailler en r\u00e9seau avec des experts reconnus dans leur domaine&nbsp;; la collaboration \u00e9troite avec ces experts existe depuis 1999 et permet de garantir des interventions de hauts niveaux.<\/p>\n\n\n\n<p>Le cabinet a pour politique de ne pas produire de catalogue de formation afin de garantir au client une r\u00e9ponse originale avec la r\u00e9daction d\u2019un programme d\u2019intervention adapt\u00e9.<\/p>\n\n\n\n<h2>Nos Valeurs<\/h2>\n\n\n\n<p>\u00ab&nbsp;<em>Les entreprises les plus performantes cr\u00e9ent des environnements dans lesquelles l\u2019ensemble des collaborateurs peut s\u2019\u00e9panouir, d\u00e9velopper la satisfaction du travail bien fait et participer activement \u00e0 la vie de la soci\u00e9t\u00e9.&nbsp;<\/em>\u00bb<\/p>\n\n\n\n<p>Cette volont\u00e9 de cr\u00e9er un environnement aide les entreprises \u00e0 se construire des valeurs qui leurs sont propres en positionnant l\u2019humain comme vecteur de r\u00e9ussite.<\/p>\n\n\n\n<p><strong>Notre sp\u00e9cialit\u00e9&nbsp;:<\/strong><br>D\u00e9terminer les orientations strat\u00e9giques et les axes de progr\u00e8s au sein d\u2019une organisation.<br><strong>Notre m\u00e9thodologie&nbsp;:<\/strong><br>Mobiliser les potentiels performants en interne afin d\u2019apporter une forte valeur ajout\u00e9e au d\u00e9veloppement de l\u2019entreprise.<br>Les solutions sont souvent internes \u00e0 la soci\u00e9t\u00e9, notre comp\u00e9tence est de les faire \u00e9merger.<br>Nous apportons la m\u00e9thodologie et le suivi n\u00e9cessaire \u00e0 la conduite et \u00e0 la r\u00e9ussite de vos projets.<\/p>\n\n\n\n<h2>Fr\u00e9d\u00e9ric MARCHETTI<\/h2>\n\n\n\n<p>\u00ab&nbsp;<em>J\u2019ai toujours recherch\u00e9 \u00e0 rendre au management et au d\u00e9veloppement personnel sa place dans l\u2019organisation<\/em>&nbsp;\u00bb<\/p>\n\n\n\n<p>Apr\u00e8s des \u00e9tudes en management et plusieurs exp\u00e9riences de manager ou chef de projet, je cr\u00e9e en 1997 mon organisme de formation. Ma d\u00e9marche, une approche de terrain et des comp\u00e9tences d\u2019animation ont rapidement s\u00e9duit mes clients.<\/p>\n\n\n\n<p>Une vie de voyages, de rencontres, de d\u00e9couvertes et d\u2019\u00e9changes ont guid\u00e9 ma vie et mes choix.<\/p>\n\n\n\n<p>En conciliant mes aspirations et les exigences de l\u2019entreprise, je d\u00e9veloppe en permanence de nouveaux produits.<\/p>\n\n\n\n<p>Au terme de plusieurs ann\u00e9es d\u2019exp\u00e9riences, je propose des approches de formation, d\u2019animation et de mise en situation unique en France.<\/p>\n\n\n\n<p>En qu\u00eate d\u2019am\u00e9lioration et d\u2019efficacit\u00e9, je poursuis cette recherche de nouveaux outils et m\u00e9thodes adapt\u00e9s aux exigences actuelles.<\/p>\n","protected":false},"excerpt":{"rendered":"<p>22 ans d\u2019existence,8000 personnes form\u00e9es ou accompagn\u00e9es,dans plus de 110 entreprises en France et \u00e0 l\u2019\u00e9tranger Depuis 1997, TFM Conseil exerce une activit\u00e9 de formation et de conseil dans les domaines du&nbsp;: ManagementManagement par projetGestion d\u2019\u00e9quipeCommunication interpersonnelle Sociologie des organisations Psychologie du travail N\u00e9gociation L\u2019organisme est volontairement une petite structure [&hellip;]<\/p>\n","protected":false},"author":1,"featured_media":113,"parent":0,"menu_order":0,"comment_status":"closed","ping_status":"closed","template":"","meta":[],"_links":{"self":[{"href":"https:\/\/tfmconseil.com\/index.php\/wp-json\/wp\/v2\/pages\/93"}],"collection":[{"href":"https:\/\/tfmconseil.com\/index.php\/wp-json\/wp\/v2\/pages"}],"about":[{"href":"https:\/\/tfmconseil.com\/index.php\/wp-json\/wp\/v2\/types\/page"}],"author":[{"embeddable":true,"href":"https:\/\/tfmconseil.com\/index.php\/wp-json\/wp\/v2\/users\/1"}],"replies":[{"embeddable":true,"href":"https:\/\/tfmconseil.com\/index.php\/wp-json\/wp\/v2\/comments?post=93"}],"version-history":[{"count":2,"href":"https:\/\/tfmconseil.com\/index.php\/wp-json\/wp\/v2\/pages\/93\/revisions"}],"predecessor-version":[{"id":110,"href":"https:\/\/tfmconseil.com\/index.php\/wp-json\/wp\/v2\/pages\/93\/revisions\/110"}],"wp:featuredmedia":[{"embeddable":true,"href":"https:\/\/tfmconseil.com\/index.php\/wp-json\/wp\/v2\/media\/113"}],"wp:attachment":[{"href":"https:\/\/tfmconseil.com\/index.php\/wp-json\/wp\/v2\/media?parent=93"}],"curies":[{"name":"wp","href":"https:\/\/api.w.org\/{rel}","templated":true}]}}