{"id":218,"date":"2024-10-02T16:37:21","date_gmt":"2024-10-02T14:37:21","guid":{"rendered":"https:\/\/tfmconseil.com\/?page_id=218"},"modified":"2024-10-02T16:37:22","modified_gmt":"2024-10-02T14:37:22","slug":"modalites-et-delais-dacces","status":"publish","type":"page","link":"https:\/\/tfmconseil.com\/index.php\/modalites-et-delais-dacces\/","title":{"rendered":"Modalit\u00e9s et d\u00e9lais d\u2019acc\u00e8s"},"content":{"rendered":"\n<div class=\"wp-block-themeisle-blocks-advanced-columns has-1-columns has-desktop-equal-layout has-tablet-equal-layout has-mobile-equal-layout has-default-gap has-vertical-unset\" id=\"wp-block-themeisle-blocks-advanced-columns-6cceb67d\"><div class=\"wp-block-themeisle-blocks-advanced-columns-overlay\"><\/div><div class=\"innerblocks-wrap\">\n<div class=\"wp-block-themeisle-blocks-advanced-column\" id=\"wp-block-themeisle-blocks-advanced-column-3968714e\">\n<p>L\u2019acc\u00e8s \u00e0 nos formations peut \u00eatre initi\u00e9 par l\u2019employeur, \u00e0 l\u2019initiative du salari\u00e9, par un particulier\u2026<br>Notre organisme de formation s\u2019engage \u00e0 vous r\u00e9pondre dans un d\u00e9lai de 72 heures. Nous envisagerons la date de d\u00e9but de formation la plus appropri\u00e9e en fonction de vos besoins, pr\u00e9f\u00e9rences et contraintes. Nous vous pr\u00e9ciserons \u00e9galement les objectifs, les comp\u00e9tences acquises et les sources de financement possibles.<br>Si la formation n\u00e9cessite des pr\u00e9requis, nous nous assurerons \u00e9galement que vous les remplissiez soit par des tests, soit par un audit t\u00e9l\u00e9phonique.<br>Sauf cas particulier et en fonction des disponibilit\u00e9s du stagiaire, du formateur ou selon notre planning inter-entreprises, le d\u00e9lai pour la mise en place de la formation est habituellement d\u2019un mois (en moyenne).<\/p>\n<\/div>\n<\/div><\/div>\n","protected":false},"excerpt":{"rendered":"","protected":false},"author":1,"featured_media":0,"parent":0,"menu_order":0,"comment_status":"closed","ping_status":"closed","template":"","meta":[],"_links":{"self":[{"href":"https:\/\/tfmconseil.com\/index.php\/wp-json\/wp\/v2\/pages\/218"}],"collection":[{"href":"https:\/\/tfmconseil.com\/index.php\/wp-json\/wp\/v2\/pages"}],"about":[{"href":"https:\/\/tfmconseil.com\/index.php\/wp-json\/wp\/v2\/types\/page"}],"author":[{"embeddable":true,"href":"https:\/\/tfmconseil.com\/index.php\/wp-json\/wp\/v2\/users\/1"}],"replies":[{"embeddable":true,"href":"https:\/\/tfmconseil.com\/index.php\/wp-json\/wp\/v2\/comments?post=218"}],"version-history":[{"count":1,"href":"https:\/\/tfmconseil.com\/index.php\/wp-json\/wp\/v2\/pages\/218\/revisions"}],"predecessor-version":[{"id":219,"href":"https:\/\/tfmconseil.com\/index.php\/wp-json\/wp\/v2\/pages\/218\/revisions\/219"}],"wp:attachment":[{"href":"https:\/\/tfmconseil.com\/index.php\/wp-json\/wp\/v2\/media?parent=218"}],"curies":[{"name":"wp","href":"https:\/\/api.w.org\/{rel}","templated":true}]}}